{"id":3,"date":"2020-12-05T22:57:54","date_gmt":"2020-12-05T21:57:54","guid":{"rendered":"http:\/\/www.studiobadinobrunco.it\/?page_id=3"},"modified":"2024-08-25T14:43:37","modified_gmt":"2024-08-25T12:43:37","slug":"privacy-policy","status":"publish","type":"page","link":"https:\/\/www.studiobadinobrunco.it\/index.php\/privacy-policy\/","title":{"rendered":"Privacy e Cookie Policy"},"content":{"rendered":"\n<h2 class=\"wp-block-heading\">Informativa sul trattamento dei dati<\/h2>\n\n\n\n<ol class=\"wp-block-list\">\n<li><strong>Introduzione<\/strong><br>Studio Associato Commercialisti &#8211; Dott Angelo Badino &amp; Dott Roberto Brunco prende in seria considerazione la privacy dell\u2019utente e si impegna al rispetto della stessa.<br>La presente privacy policy (\u201cPrivacy e Cookie Policy\u201d) descrive le attivit\u00e0 di trattamento di dati personali realizzate dallo Studio Associato tramite il sito e i relativi impegni assunti in tal senso dalla Societ\u00e0. Lo Studio Associato pu\u00f2 trattare i dati personali dell\u2019utente quando questi visita il Sito e utilizza i servizi e le funzionalit\u00e0 presenti sul Sito.<br>Ove previsto dal Reg. UE 2016\/679 sar\u00e0 richiesto il consenso dell\u2019utente prima di procedere al trattamento dei suoi dati personali. Se l\u2019utente fornisce dati personali di terzi, deve provvedere affinch\u00e9 la comunicazione dei dati allo Studio Associato e il successivo trattamento per le finalit\u00e0 specificate nell\u2019informativa privacy applicabile sia conforme al Reg. UE 2016\/679 e alla normativa applicabile.<br><\/li>\n\n\n\n<li><strong>Estremi identificativi del titolare, responsabile e del Privacy Officer<\/strong><br>Il Titolare del trattamento dei dati \u00e8 lo Studio Associato Commercialisti &#8211; Dott Angelo Badino &amp; Dott Roberto Brunco con sede in Piazza Mario Toso 1 &#8211; Arenzano &#8211; CAP 16011<br>email: <a href=\"mailto:info@studiobadinobrunco.it\">info@studiobadinobrunco.it<\/a><br><\/li>\n\n\n\n<li><strong>Tipologia di dati trattati<\/strong><br>La visita e la consultazione del Sito non comportano in genere raccolta e trattamento dei dati personali dell\u2019utente salvo che per i dati di navigazione e i cookie come di seguito specificato. In aggiunta ai cosiddetti \u201cdati di navigazione\u201d (vedasi oltre), potranno essere oggetto di trattamento dati personali volontariamente forniti dall\u2019utente quando questi interagisce con le funzionalit\u00e0 del Sito o chiede di fruire dei servizi offerti sul Sito. Nel rispetto del Codice Privacy lo Studio Associato potrebbe altres\u00ec raccogliere i dati personali dell\u2019utente presso terzi nello svolgimento della propria attivit\u00e0.<br><\/li>\n\n\n\n<li><strong>Cookies e dati di navigazione<\/strong><br>Il Sito utilizza \u201ccookie\u201d. Utilizzando il Sito, l&#8217;utente acconsente all\u2019utilizzo dei cookie in conformit\u00e0 con questa Privacy Policy. I cookie sono piccoli file memorizzati sull\u2019hard disk del computer dell\u2019utente. Esistono due macro-categorie di cookie: cookie tecnici e cookie di profilazione.<br>I cookie tecnici sono necessari per il corretto funzionamento di un sito web e per permettere la navigazione dell\u2019utente; senza di essi l\u2019utente potrebbe non essere in grado di visualizzare correttamente le pagine oppure di utilizzare alcuni servizi.<br>I cookie di profilazione hanno il compito di creare profili dell\u2019utente al fine di inviare messaggi pubblicitari in linea con le preferenze manifestate dallo stesso durante la navigazione.<br>I cookie possono inoltre essere classificati come:<br>_ cookie \u201cdi sessione\u201d, i quali vengono cancellati immediatamente alla chiusura del browser di navigazione;<br>_ cookie \u201cpersistenti\u201d, i quali rimangono all\u2019interno del browser per un determinato periodo di tempo. Sono utilizzati, ad esempio, per riconoscere il dispositivo che si collega ad un sito agevolando le operazioni di autenticazione per l\u2019utente;<br>_ cookie \u201cpropri\u201d, generati e gestiti direttamente dal soggetto gestore del sito web sul quale l\u2019utente sta navigando;<br>_ cookie \u201cterze parti\u201d, generati e gestiti da soggetti diversi dal gestore del sito web sul quale l\u2019utente sta navigando.<br><\/li>\n\n\n\n<li><strong>Cookies utilizzati sul sito<\/strong><br>Il Sito utilizza le seguenti tipologie di cookie:<br>a. cookie propri, di sessione e persistenti, necessari per consentire la navigazione sul Sito, per finalit\u00e0 di sicurezza interna e di amministrazione del sistema;<br>b. cookie terze parti, di sessione e persistenti, necessari per consentire all\u2019utente di utilizzare elementi multimediali presenti sul Sito, come ad esempio immagini e video;<br>c. cookie terze parti, persistenti, utilizzati dal Sito per inviare informazioni statistiche al sistema Google Analytics, attraverso il quale lo Studio Associato pu\u00f2 effettuare analisi statistiche degli accessi \/ visite al Sito. I cookie utilizzati perseguono esclusivamente scopi statistici e raccolgono informazioni in forma aggregata. Attraverso una coppia di cookie, di cui uno persistente e l\u2019altro di sessione (con scadenza alla chiusura del browser), Google Analytics salva anche un registro con gli orari di inizio della visita al Sito e di uscita dallo stesso. Si pu\u00f2 impedire a Google il rilevamento dei dati tramite cookie e la successiva elaborazione dei dati scaricando e installando il plug-in per browser dal seguente indirizzo: http:\/\/tools.google.com\/dlpage\/gaoptout?hl=it<br>d. cookie terze parti, persistenti, utilizzati dal Sito per includere nelle sue pagine i pulsanti di alcuni social-network (Facebook, Twitter e Google+). Selezionando uno di questi pulsanti, l\u2019utente pu\u00f2 pubblicare sulla propria pagina personale del relativo social-network i contenuti della pagina web del Sito che sta visitando<br>Il Sito potrebbe contenere link ad altri siti (c.d. siti terzi). Lo Studio Associato non effettua alcun accesso o controllo su cookie, web beacon e altre tecnologie di tracciamento degli utenti che potrebbero essere utilizzate dai siti terzi cui l\u2019utente pu\u00f2 accedere dal Sito; Lo Studio Associato non effettua alcun controllo su contenuti e materiali pubblicati da o ottenuti attraverso siti terzi, n\u00e9 sulle relative modalit\u00e0 di trattamento dei dati personali dell\u2019utente, ed espressamente declina ogni relativa responsabilit\u00e0 per tali eventualit\u00e0. L\u2019utente \u00e8 tenuto a verificare la privacy policy dei siti terzi cui accede tramite il Sito e ad informarsi circa le condizioni applicabili al trattamento dei propri dati personali. La presente Privacy Policy si applica solo al Sito come sopra definito.<br><\/li>\n\n\n\n<li><strong>Come disabilitare i cookies nei browser<\/strong><br>Se lo desidera pu\u00f2 gestire direttamente i cookie anche attraverso le impostazioni del suo browser. Tuttavia, cancellando i cookies dal browser potrebbe rimuovere le preferenze che ha impostato per il sito dello studio, per questo sarebbe opportuno che visitasse periodicamente questa pagina per ricontrollare le sue preferenze.<br>Per ulteriori informazioni e supporto \u00e8 possibile anche visitare la pagina di aiuto specifica del web browser che si sta utilizzando:<br><a href=\"https:\/\/support.microsoft.com\/it-it\/help\/17442\/windows-internet-explorer-delete-manage-cookies\" data-type=\"link\" data-id=\"https:\/\/support.microsoft.com\/it-it\/help\/17442\/windows-internet-explorer-delete-manage-cookies\">Internet Explorer;<\/a><br><a href=\"https:\/\/support.mozilla.org\/it\/kb\/Attivare e disattivare i cookie\" data-type=\"link\" data-id=\"https:\/\/support.microsoft.com\/it-it\/help\/17442\/windows-internet-explorer-delete-manage-cookies\">Firefox;<\/a><br><a href=\"https:\/\/support.apple.com\/kb\/PH17191?locale=it_IT&amp;viewlocale=it_IT\" data-type=\"link\" data-id=\"https:\/\/support.apple.com\/kb\/PH17191?locale=it_IT&amp;viewlocale=it_IT\">Safari;<\/a><br><a href=\"https:\/\/support.google.com\/chrome\/answer\/95647?hl=it&amp;topic=14666&amp;ctx=topic\" data-type=\"link\" data-id=\"https:\/\/support.google.com\/chrome\/answer\/95647?hl=it&amp;topic=14666&amp;ctx=topic\">Chrome;<\/a><br><a href=\"https:\/\/blogs.opera.com\/news\/2015\/08\/how-to-manage-cookies-in-opera\/\" data-type=\"link\" data-id=\"https:\/\/blogs.opera.com\/news\/2015\/08\/how-to-manage-cookies-in-opera\/\">Opera<\/a><br><\/li>\n\n\n\n<li><strong>Conservazione dei dati personali<\/strong><br>I dati personali sono conservati e trattati attraverso sistemi informatici di propriet\u00e0 dello studio e gestiti o da terzi fornitori di servizi tecnici; per maggiori dettagli si prega di fare riferimento alla sezione \u201cAmbito di accessibilit\u00e0 dei dati personali\u201d che segue. I dati sono trattati esclusivamente da personale specificamente autorizzato, incluso il personale incaricato di svolgere operazioni di manutenzione straordinaria. I dati personali saranno conservati per la durata del contratto e dopo la fine del contratto al fine di adempiere all&#8217;obbligo legale dello studio, comprese le rivendicazioni per eventuali reclami, in conformit\u00e0 con la legge applicabile, e quindi saranno cancellati o resi anonimi.<br>Se acconsentiremo al trattamento dei nostri prodotti e servizi ai fini del marketing diretto dopo la scadenza del contratto, elaboreremo i dati fino alla revoca del consenso.<br><\/li>\n\n\n\n<li><strong>Finalit\u00e0 e metodi trattamenti dati<\/strong><br>Lo Studio Associato pu\u00f2 trattare i dati personali comuni e sensibili dell\u2019utente per le seguenti finalit\u00e0: utilizzo da parte degli utenti di servizi e funzionalit\u00e0 presenti sul Sito, gestione di richieste e segnalazioni da parte dei propri utenti, invio di newsletter, gestione delle candidature pervenute attraverso il Sito, etc.<br>Inoltre, con l\u2019ulteriore e specifico consenso facoltativo dell\u2019utente, lo studio potr\u00e0 trattare i dati personali per finalit\u00e0 di marketing, cio\u00e8 per inviare all\u2019utente materiale promozionale e\/o comunicazioni commerciali attinenti ai servizi della Societ\u00e0, presso i recapiti indicati, sia attraverso modalit\u00e0 e\/o mezzi di contatto tradizionali (quali, posta cartacea, telefonate con operatore, etc.) che automatizzati (quali, comunicazioni via internet, fax, e-mail, sms, applicazioni per dispositivi mobili quali smartphone e tablet -cd. APPS-, account di social network -ad es. via Facebook o Twitter-, telefonate con operatore automatico, etc.).<br>I dati personali sono trattati sia in forma cartacea che elettronica ed immessi nel sistema informativo aziendale nel pieno rispetto del Reg UE 2016\/679, compresi i profili di sicurezza e confidenzialit\u00e0 ed ispirandosi ai principi di correttezza e liceit\u00e0 di trattamento. In conformit\u00e0 al Reg UE 2016\/679i dati sono custoditi e conservati per il tempo necessario al raggiungimento delle finalit\u00e0 per i quali sono trattati e comunque per tutto il tempo in cui Lei decider\u00e0 di essere iscritto al nostro sito web.<br><\/li>\n\n\n\n<li><strong>Sicurezza e qualit\u00e0 dei dati personali<\/strong><br>Lo Studio Associato si impegna a proteggere la sicurezza dei dati personali dell\u2019utente e rispetta le disposizioni in materia di sicurezza previste dalla normativa applicabile al fine di evitare perdite di dati, usi illegittimi o illeciti dei dati e accessi non autorizzati agli stessi. Inoltre, i sistemi informativi e i programmi informatici utilizzati dallo studio sono configurati in modo da ridurre al minimo l\u2019uso di dati personali e identificativi; tali dati sono trattati solo per il conseguimento delle specifiche finalit\u00e0 di volta in volta perseguite. Lo Studio Associato utilizza molteplici tecnologie avanzate di sicurezza e procedure atte a favorire la protezione dei dati personali degli utenti; ad esempio, i dati personali sono conservati su server sicuri ubicati in luoghi ad accesso protetto e controllato. L\u2019utente pu\u00f2 aiutare lo studio ad aggiornare e mantenere corretti i propri dati personali comunicando qualsiasi modifica relativa al proprio indirizzo, alla propria qualifica, alle informazioni di contatto, etc.<br><\/li>\n\n\n\n<li><strong>Ambito di comunicazione e di accesso dei dati<\/strong><br>I dati personali dell\u2019utente potranno essere comunicati a:\n<ul class=\"wp-block-list\">\n<li>tutti i soggetti cui la facolt\u00e0 di accesso a tali dati \u00e8 riconosciuta in forza di provvedimenti normativi;<\/li>\n\n\n\n<li>ai nostri collaboratori, dipendenti, nell&#8217;ambito delle relative mansioni;<\/li>\n\n\n\n<li>a tutte quelle persone fisiche e\/o giuridiche, pubbliche e\/o private quando la comunicazione risulti necessaria o funzionale allo svolgimento della nostra attivit\u00e0 e nei modi e per le finalit\u00e0 sopra illustrate;<br><\/li>\n<\/ul>\n<\/li>\n\n\n\n<li><strong>Natura di conferimento dei dati personali<\/strong><br>Il conferimento di alcuni dati personali da parte dell\u2019utente \u00e8 obbligatorio per consentire alla Societ\u00e0 di gestire le comunicazioni, le richieste pervenute dall\u2019utente o per ricontattare l\u2019utente stesso per dar seguito alla sua richiesta. Questo tipo di dati sono contrassegnati dal simbolo asterisco [*] ed in tal caso il conferimento \u00e8 obbligatorio per consentire alla Societ\u00e0 di dar seguito alla richiesta che, in difetto, non potr\u00e0 essere evasa. Al contrario, la raccolta degli altri dati non contrassegnati dall\u2019asterisco \u00e8 facoltativa: il mancato conferimento non comporter\u00e0 alcuna conseguenza per l\u2019utente.<br>Il conferimento dei dati personali da parte dell\u2019utente per finalit\u00e0 di marketing, come specificato nella sezione \u201cFinalit\u00e0 e modalit\u00e0 del trattamento\u201d \u00e8 facoltativo e il rifiuto di conferirli non avr\u00e0 alcuna conseguenza. Il consenso conferito per finalit\u00e0 di marketing si intende esteso all\u2019invio di comunicazioni effettuato attraverso modalit\u00e0 e\/o mezzi di contatto sia automatizzati che tradizionali, come sopra esemplificati.<br><\/li>\n\n\n\n<li><strong>Diritti dell\u2019interessato<\/strong><br><br><strong>12.1 Art. 15 (diritto di accesso) <\/strong>, <strong>16 (diritto di rettifica) del Reg. UE 2016\/679<\/strong><br>L&#8217;interessato ha il diritto di ottenere dal titolare del trattamento la conferma che sia o meno in corso un trattamento di dati personali che lo riguardano e in tal caso, di ottenere l&#8217;accesso ai dati personali e alle seguenti informazioni:<br>a. le finalit\u00e0 del trattamento;<br>b. le categorie di dati personali in questione;<br>c. i destinatari o le categorie di destinatari a cui i dati personali sono stati o saranno comunicati, in particolare se destinatari di paesi terzi o organizzazioni internazionali;<br>d. il periodo di conservazione dei dati personali previsto oppure, se non \u00e8 possibile, i criteri utilizzati per determinare tale periodo;<br>e. l&#8217;esistenza del diritto dell&#8217;interessato di chiedere al titolare del trattamento la rettifica o la cancellazione dei dati personali o la limitazione del trattamento dei dati personali che lo riguardano o di opporsi al loro trattamento;<br>f. il diritto di proporre reclamo a un&#8217;autorit\u00e0 di controllo;<br>h. l&#8217;esistenza di un processo decisionale automatizzato, compresa la profilazione e, almeno in tali casi, informazioni significative sulla logica utilizzata, nonch\u00e9 l&#8217;importanza e le conseguenze previste di tale trattamento per l&#8217;interessato.<br><br><strong>12.2 Diritto di cui all\u2019art. 17 del Reg. UE 2016\/679 &#8211; diritto alla cancellazione (\u00abdiritto all&#8217;oblio\u00bb)<\/strong><br>L&#8217;interessato ha il diritto di ottenere dal titolare del trattamento la cancellazione dei dati personali che lo riguardano senza ingiustificato ritardo e il titolare del trattamento ha l&#8217;obbligo di cancellare senza ingiustificato ritardo i dati personali, se sussiste uno dei motivi seguenti:<br>a. i dati personali non sono pi\u00f9 necessari rispetto alle finalit\u00e0 per le quali sono stati raccolti o altrimenti trattati;<br>b. l&#8217;interessato revoca il consenso su cui si basa il trattamento conformemente all&#8217;articolo 6, paragrafo 1, lettera a), o all&#8217;articolo 9, paragrafo 2, lettera a), e se non sussiste altro fondamento giuridico per il trattamento;<br>c. l&#8217;interessato si oppone al trattamento ai sensi dell&#8217;articolo 21, paragrafo 1, e non sussiste alcun motivo legittimo prevalente per procedere al trattamento, oppure si oppone al trattamento ai sensi dell&#8217;articolo 21, paragrafo 2;<br>d. i dati personali sono stati trattati illecitamente;<br>e. i dati personali devono essere cancellati per adempiere un obbligo legale previsto dal diritto dell&#8217;Unione o dello Stato membro cui \u00e8 soggetto il titolare del trattamento;<br>f. i dati personali sono stati raccolti relativamente all&#8217;offerta di servizi della societ\u00e0 dell&#8217;informazione di cui all&#8217;articolo 8, paragrafo 1 del Reg. UE 2016\/679<p><strong>12.3 Diritto di cui all\u2019 art. 18 Diritto di limitazione di trattamento<\/strong><br>L&#8217;interessato ha il diritto di ottenere dal titolare del trattamento la limitazione del trattamento quando ricorre una delle seguenti ipotesi:<br>a. l&#8217;interessato contesta l&#8217;esattezza dei dati personali, per il periodo necessario al titolare del trattamento per verificare l&#8217;esattezza di tali dati personali;<br>b. il trattamento \u00e8 illecito e l&#8217;interessato si oppone alla cancellazione dei dati personali e chiede invece che ne sia limitato l&#8217;utilizzo;<br>c. bench\u00e9 il titolare del trattamento non ne abbia pi\u00f9 bisogno ai fini del trattamento, i dati personali sono necessari all&#8217;interessato per l&#8217;accertamento, l&#8217;esercizio o la difesa di un diritto in sede giudiziaria;<br>d. l&#8217;interessato si \u00e8 opposto al trattamento ai sensi dell&#8217;articolo 21, paragrafo 1, Reg UE 2016\/679 in attesa della verifica in merito all&#8217;eventuale prevalenza dei motivi legittimi del titolare del trattamento rispetto a quelli dell&#8217;interessato.<\/p><p><strong>12.4 Diritto di cui all\u2019art.20 Diritto alla portabilit\u00e0 dei dati<\/strong><br>L&#8217;interessato ha il diritto di ricevere in un formato strutturato, di uso comune e leggibile da dispositivo automatico i dati personali che lo riguardano forniti a un titolare del trattamento e ha il diritto di trasmettere tali dati a un altro titolare del trattamento senza impedimenti da parte del titolare del trattamento<\/p><\/li>\n\n\n\n<li><strong>Revoca del consenso al trattamento<\/strong><br>L\u2019interessato facolt\u00e0 di revocare il consenso al trattamento dei Suoi dati personali, inviando una raccomandata A\/R al seguente indirizzo: Studio Associato Commercialisti &#8211; Dott Angelo Badino &amp; Dott Roberto Brunco \u2013 Piazza Mario Toso 1 \u2013 Arenzano &#8211; CAP 16011 corredato da fotocopia del suo documento di identit\u00e0, con il seguente testo: &lt;&gt; ovvero tramite mail all\u2019indirizzo <a href=\"mailto:info@studiobadinobrunco.it\">info@studiobadinobrunco.it<\/a> .<br>Al termine di questa operazione i Suoi dati personali saranno rimossi dagli archivi nel pi\u00f9 breve tempo possibile.<br>Se desidera avere maggiori informazioni sul trattamento dei Suoi dati personali, ovvero esercitare i diritti di cui al precedente punto 7, pu\u00f2 inviare una raccomandata A\/R al seguente indirizzo: Studio Associato Commercialisti &#8211; Dott Angelo Badino &amp; Dott Roberto Brunco \u2013 Piazza mario Toso 1 \u2013 Arenzano &#8211; CAP 16011 corredato da fotocopia del suo documento di identit\u00e0, con il seguente testo: &lt;&gt; ovvero tramite mail all\u2019indirizzo <a href=\"mailto:info@studiobadinobrunco.it\">info@studiobadinobrunco.it<\/a><br>Prima di poterLe fornire, o modificare qualsiasi informazione, potrebbe essere necessario verificare la Sua identit\u00e0 e rispondere ad alcune domande.<br>Una risposta sar\u00e0 fornita al pi\u00f9 presto.<\/li>\n<\/ol>\n","protected":false},"excerpt":{"rendered":"<p>Informativa sul trattamento dei dati<\/p>\n","protected":false},"author":1,"featured_media":0,"parent":0,"menu_order":0,"comment_status":"closed","ping_status":"open","template":"","meta":{"footnotes":""},"class_list":["post-3","page","type-page","status-publish","hentry"],"_links":{"self":[{"href":"https:\/\/www.studiobadinobrunco.it\/index.php\/wp-json\/wp\/v2\/pages\/3"}],"collection":[{"href":"https:\/\/www.studiobadinobrunco.it\/index.php\/wp-json\/wp\/v2\/pages"}],"about":[{"href":"https:\/\/www.studiobadinobrunco.it\/index.php\/wp-json\/wp\/v2\/types\/page"}],"author":[{"embeddable":true,"href":"https:\/\/www.studiobadinobrunco.it\/index.php\/wp-json\/wp\/v2\/users\/1"}],"replies":[{"embeddable":true,"href":"https:\/\/www.studiobadinobrunco.it\/index.php\/wp-json\/wp\/v2\/comments?post=3"}],"version-history":[{"count":6,"href":"https:\/\/www.studiobadinobrunco.it\/index.php\/wp-json\/wp\/v2\/pages\/3\/revisions"}],"predecessor-version":[{"id":200,"href":"https:\/\/www.studiobadinobrunco.it\/index.php\/wp-json\/wp\/v2\/pages\/3\/revisions\/200"}],"wp:attachment":[{"href":"https:\/\/www.studiobadinobrunco.it\/index.php\/wp-json\/wp\/v2\/media?parent=3"}],"curies":[{"name":"wp","href":"https:\/\/api.w.org\/{rel}","templated":true}]}}